{"id":997,"date":"2015-06-19T11:08:00","date_gmt":"2015-06-19T11:08:00","guid":{"rendered":"https:\/\/www.frelimo.org.mz\/?p=997"},"modified":"2023-09-15T22:37:12","modified_gmt":"2023-09-15T22:37:12","slug":"manual-do-mobilizador","status":"publish","type":"page","link":"https:\/\/www.frelimo.org.mz\/?page_id=997","title":{"rendered":"Manual do Mobilizador"},"content":{"rendered":"<p class=\"MsoNormal\"><span lang=\"PT\">O presente Manual do Mobilizador destina-se a auxiliar o trabalho de mobiliza\u00e7\u00e3o, particularmente nas informa\u00e7\u00f5es, esclarecimentos sobre a import\u00e2ncia e os objectivos da realiza\u00e7\u00e3o do recenseamento eleitoral, de 24 de Setembro a 22 de Novembro, a campanha eleitoral para as Assembleias Provinciais que decorre de 2 de Dezembro a 14 de Janeiro e o processo de vota\u00e7\u00e3o no dia 16 de Janeiro de 2008.<br \/>\nO Manual do Mobilizador \u00e9 um instrumento importante para auxiliar o nosso mobilizador para as actividades de educa\u00e7\u00e3o c\u00edvica e mobiliza\u00e7\u00e3o para as Elei\u00e7\u00f5es das Assembleias Provinciais que ter\u00e3o lugar, a 16 de Janeiro de 2007. Este Manual \u00e9 dirigido sobretudo \u00e0queles militantes que receberem tarefas concretas dos Comit\u00e9s Provinciais, Distritais, de Zona e de C\u00edrculo, assim como das C\u00e9lulas, visando mobilizar o nosso Povo sobre a import\u00e2ncia de participar no recenseamento eleitoral, na campanha eleitoral e na vota\u00e7\u00e3o do nosso Partido, a FRELIMO.<\/p>\n<p>Para ler a vers\u00e3o completa do Manual do Mobilizador em formato PDF, clique na liga\u00e7\u00e3o abaixo.<\/span><\/p>\n<p class=\"MsoNormal\">\n<p class=\"MsoNormal\"><span lang=\"PT\"><img loading=\"lazy\" decoding=\"async\" class=\" size-full wp-image-995\" title=\"Manual do Mobilizador\" src=\"https:\/\/www.frelimo.org.mz\/\/wp-content\/uploads\/2015\/06\/pdf-icon.png\" alt=\"Manual do Mobilizador\" width=\"90\" height=\"90\" \/><\/span><\/p>\n","protected":false},"excerpt":{"rendered":"<p>O presente Manual do Mobilizador destina-se a auxiliar o trabalho de mobiliza\u00e7\u00e3o, particularmente nas informa\u00e7\u00f5es, esclarecimentos sobre a import\u00e2ncia e os objectivos da realiza\u00e7\u00e3o do recenseamento eleitoral, de 24 de Setembro a 22 de Novembro, a campanha eleitoral para as Assembleias Provinciais que decorre de 2 de Dezembro a 14 de Janeiro e o processo &hellip;<\/p>\n","protected":false},"author":1,"featured_media":995,"parent":0,"menu_order":0,"comment_status":"open","ping_status":"open","template":"","meta":{"footnotes":""},"class_list":["post-997","page","type-page","status-publish","has-post-thumbnail","hentry"],"jetpack_sharing_enabled":true,"_links":{"self":[{"href":"https:\/\/www.frelimo.org.mz\/index.php?rest_route=\/wp\/v2\/pages\/997","targetHints":{"allow":["GET"]}}],"collection":[{"href":"https:\/\/www.frelimo.org.mz\/index.php?rest_route=\/wp\/v2\/pages"}],"about":[{"href":"https:\/\/www.frelimo.org.mz\/index.php?rest_route=\/wp\/v2\/types\/page"}],"author":[{"embeddable":true,"href":"https:\/\/www.frelimo.org.mz\/index.php?rest_route=\/wp\/v2\/users\/1"}],"replies":[{"embeddable":true,"href":"https:\/\/www.frelimo.org.mz\/index.php?rest_route=%2Fwp%2Fv2%2Fcomments&post=997"}],"version-history":[{"count":2,"href":"https:\/\/www.frelimo.org.mz\/index.php?rest_route=\/wp\/v2\/pages\/997\/revisions"}],"predecessor-version":[{"id":4012,"href":"https:\/\/www.frelimo.org.mz\/index.php?rest_route=\/wp\/v2\/pages\/997\/revisions\/4012"}],"wp:featuredmedia":[{"embeddable":true,"href":"https:\/\/www.frelimo.org.mz\/index.php?rest_route=\/wp\/v2\/media\/995"}],"wp:attachment":[{"href":"https:\/\/www.frelimo.org.mz\/index.php?rest_route=%2Fwp%2Fv2%2Fmedia&parent=997"}],"curies":[{"name":"wp","href":"https:\/\/api.w.org\/{rel}","templated":true}]}}