{"id":957,"date":"2015-06-19T09:32:12","date_gmt":"2015-06-19T09:32:12","guid":{"rendered":"https:\/\/www.frelimo.org.mz\/?p=957"},"modified":"2023-09-15T22:33:22","modified_gmt":"2023-09-15T22:33:22","slug":"simbolos-do-partido-2","status":"publish","type":"page","link":"https:\/\/www.frelimo.org.mz\/?page_id=957","title":{"rendered":"S\u00edmbolos do Partido"},"content":{"rendered":"<p class=\"MsoNormal\"><strong><span lang=\"PT\">1. Os s\u00edmbolos da FRELIMO s\u00e3o:<\/span><\/strong><\/p>\n<p class=\"MsoNormal\"><span lang=\"PT\">a) a bandeira;<br \/>\nb) o emblema;<br \/>\nc) o hino; e<\/span><\/p>\n<p class=\"MsoNormal\"><strong><span lang=\"PT\">2. o s\u00edmbolo eleitoral.<\/span><\/strong><\/p>\n<p class=\"MsoNormal\"><strong><span lang=\"PT\">3. A bandeira da FRELIMO<\/span><\/strong><\/p>\n<p class=\"MsoNormal\"><span lang=\"PT\">\u00e9 um rect\u00e2ngulo vermelho destacando-se<br \/>\nno canto superior esquerdo o emblema do Partido.<\/span><\/p>\n<p class=\"MsoNormal\"><span lang=\"PT\"><img loading=\"lazy\" decoding=\"async\" class=\" size-full wp-image-753\" title=\"Bandeira da Frelimo\" src=\"https:\/\/www.frelimo.org.mz\/\/wp-content\/uploads\/2013\/03\/bandeira.gif\" alt=\"Bandeira da Frelimo\" width=\"324\" height=\"216\" \/><\/span><\/p>\n<p class=\"MsoNormal\"><strong><span lang=\"PT\">4. O emblema do Partido<\/span><\/strong><\/p>\n<p class=\"MsoNormal\"><span lang=\"PT\">tem a forma de um rect\u00e2ngulo com um fundo<br \/>\nvermelho e listras transversais de cor vermelha, verde, preta e<br \/>\namarela, separadas de listras brancas, na metade inferior,<br \/>\ndestacando-se uma espiga aberta de milho verde, encostada a um<br \/>\ntambor. <\/span>Em baixo tem a palavra FRELIMO,<br \/>\n<img loading=\"lazy\" decoding=\"async\" class=\" size-full wp-image-956\" src=\"https:\/\/www.frelimo.org.mz\/\/wp-content\/uploads\/2015\/06\/FB_IMG_1659695666775.jpg\" alt=\"FB IMG 1659695666775\" width=\"1080\" height=\"1203\" \/><\/p>\n<p class=\"MsoNormal\"><strong><span lang=\"PT\">5. O s\u00edmbolo eleitoral da FRELIMO \u00e9 o seu emblem<\/span><\/strong><strong style=\"font-size: 12.1599998474121px; line-height: 1.3em;\"><span lang=\"PT\">a.<\/span><\/strong><\/p>\n<p class=\"MsoNormal\"><strong><span lang=\"PT\">HINO DA FRELIMO<\/span><\/strong><\/p>\n<p class=\"MsoNormal\"><i><span lang=\"PT\">AVANTE OPER\u00c1RIOS CAMPONESES<br \/>\nUNIDOS CONTRA A EXPLORA\u00c7\u00c3O<br \/>\nNA P\u00c1TRIA FRUTO DO COMBATE<br \/>\nJ\u00c1 DESPONTA O SOL DO MUNDO NOVO<\/span><\/i><span lang=\"PT\"><br \/>\n<i>REFR\u00c3O<\/i><br \/>\n<i>SOMOS SOLDADOS DO POVO<br \/>\nMARCHANDO EM FRENTE<br \/>\nPELA PAZ, PELO PROGRESSO<br \/>\nSEMPRE AVANTE UNIDOS VENCEREMOS<br \/>\nSOCIALISMO TRIUNFAR\u00c1<\/i><br \/>\n<i>NA CERTEZA<br \/>\nDA VIT\u00d3RIA<br \/>\nNOSSA LUTA CONTINUA<\/i><br \/>\n<i>N\u00d3S SOMOS A FORJA DO HOMEM NOVO<br \/>\nCAMARADAS HER\u00d3IS DA PRODU\u00c7\u00c3O<br \/>\nBANDEIRA VERMELHA A FLUTUAR<br \/>\n\u00c9 A FRELIMO GUIA DA VIT\u00d3RIA<\/i><\/span><\/p>\n<p>&nbsp;<\/p>\n<p class=\"MsoNormal\"><span lang=\"PT\">&nbsp;<\/span><\/p>\n","protected":false},"excerpt":{"rendered":"<p>1. Os s\u00edmbolos da FRELIMO s\u00e3o: a) a bandeira; b) o emblema; c) o hino; e 2. o s\u00edmbolo eleitoral. 3. A bandeira da FRELIMO \u00e9 um rect\u00e2ngulo vermelho destacando-se no canto superior esquerdo o emblema do Partido. 4. O emblema do Partido tem a forma de um rect\u00e2ngulo com um fundo vermelho e listras &hellip;<\/p>\n","protected":false},"author":1,"featured_media":753,"parent":0,"menu_order":0,"comment_status":"open","ping_status":"open","template":"","meta":{"footnotes":""},"class_list":["post-957","page","type-page","status-publish","has-post-thumbnail","hentry"],"jetpack_sharing_enabled":true,"_links":{"self":[{"href":"https:\/\/www.frelimo.org.mz\/index.php?rest_route=\/wp\/v2\/pages\/957","targetHints":{"allow":["GET"]}}],"collection":[{"href":"https:\/\/www.frelimo.org.mz\/index.php?rest_route=\/wp\/v2\/pages"}],"about":[{"href":"https:\/\/www.frelimo.org.mz\/index.php?rest_route=\/wp\/v2\/types\/page"}],"author":[{"embeddable":true,"href":"https:\/\/www.frelimo.org.mz\/index.php?rest_route=\/wp\/v2\/users\/1"}],"replies":[{"embeddable":true,"href":"https:\/\/www.frelimo.org.mz\/index.php?rest_route=%2Fwp%2Fv2%2Fcomments&post=957"}],"version-history":[{"count":0,"href":"https:\/\/www.frelimo.org.mz\/index.php?rest_route=\/wp\/v2\/pages\/957\/revisions"}],"wp:featuredmedia":[{"embeddable":true,"href":"https:\/\/www.frelimo.org.mz\/index.php?rest_route=\/wp\/v2\/media\/753"}],"wp:attachment":[{"href":"https:\/\/www.frelimo.org.mz\/index.php?rest_route=%2Fwp%2Fv2%2Fmedia&parent=957"}],"curies":[{"name":"wp","href":"https:\/\/api.w.org\/{rel}","templated":true}]}}