{"id":833,"date":"2019-09-02T09:26:35","date_gmt":"2019-09-02T09:26:35","guid":{"rendered":"https:\/\/www.frelimo.org.mz\/2019\/09\/02\/manifesto-eleitoral-da-frelimo\/"},"modified":"2023-09-15T22:45:43","modified_gmt":"2023-09-15T22:45:43","slug":"manifesto-eleitoral-da-frelimo","status":"publish","type":"page","link":"https:\/\/www.frelimo.org.mz\/?page_id=833","title":{"rendered":"MANIFESTO ELEITORAL DA FRELIMO"},"content":{"rendered":"<p><strong style=\"color: #666666; font-family: lato, sans-serif; font-size: 14px; background-color: #f8f8f8;\"><span lang=\"PT\">Clique na liga\u00e7\u00e3o abaixo para ler o Manual da C\u00e9lula completo em formato PDF<\/span><\/strong><\/p>\n<p>&nbsp;<\/p>\n<p><a href=\"https:\/\/www.frelimo.org.mz\/\/wp-content\/uploads\/2019\/09\/Frelimo_Manifesto.pdf\"><img loading=\"lazy\" decoding=\"async\" class=\" size-full wp-image-746\" src=\"https:\/\/www.frelimo.org.mz\/\/wp-content\/uploads\/2023\/06\/pdf-icon.png\" alt=\"\" width=\"90\" height=\"90\" \/><\/a><\/p>\n","protected":false},"excerpt":{"rendered":"<p>Clique na liga\u00e7\u00e3o abaixo para ler o Manual da C\u00e9lula completo em formato PDF &nbsp;<\/p>\n","protected":false},"author":1,"featured_media":746,"parent":0,"menu_order":0,"comment_status":"open","ping_status":"open","template":"","meta":{"footnotes":""},"class_list":["post-833","page","type-page","status-publish","has-post-thumbnail","hentry"],"jetpack_sharing_enabled":true,"_links":{"self":[{"href":"https:\/\/www.frelimo.org.mz\/index.php?rest_route=\/wp\/v2\/pages\/833","targetHints":{"allow":["GET"]}}],"collection":[{"href":"https:\/\/www.frelimo.org.mz\/index.php?rest_route=\/wp\/v2\/pages"}],"about":[{"href":"https:\/\/www.frelimo.org.mz\/index.php?rest_route=\/wp\/v2\/types\/page"}],"author":[{"embeddable":true,"href":"https:\/\/www.frelimo.org.mz\/index.php?rest_route=\/wp\/v2\/users\/1"}],"replies":[{"embeddable":true,"href":"https:\/\/www.frelimo.org.mz\/index.php?rest_route=%2Fwp%2Fv2%2Fcomments&post=833"}],"version-history":[{"count":1,"href":"https:\/\/www.frelimo.org.mz\/index.php?rest_route=\/wp\/v2\/pages\/833\/revisions"}],"predecessor-version":[{"id":4000,"href":"https:\/\/www.frelimo.org.mz\/index.php?rest_route=\/wp\/v2\/pages\/833\/revisions\/4000"}],"wp:featuredmedia":[{"embeddable":true,"href":"https:\/\/www.frelimo.org.mz\/index.php?rest_route=\/wp\/v2\/media\/746"}],"wp:attachment":[{"href":"https:\/\/www.frelimo.org.mz\/index.php?rest_route=%2Fwp%2Fv2%2Fmedia&parent=833"}],"curies":[{"name":"wp","href":"https:\/\/api.w.org\/{rel}","templated":true}]}}