{"id":747,"date":"2016-05-27T13:12:19","date_gmt":"2016-05-27T13:12:19","guid":{"rendered":"https:\/\/www.frelimo.org.mz\/2016\/05\/27\/faq\/"},"modified":"2024-08-29T14:57:05","modified_gmt":"2024-08-29T12:57:05","slug":"faq","status":"publish","type":"page","link":"https:\/\/www.frelimo.org.mz\/?page_id=747","title":{"rendered":"Filia\u00e7\u00e3o"},"content":{"rendered":"<div class=\"content clearfix\">\n<div class=\"field field-name-body field-type-text-with-summary field-label-hidden\">\n<div class=\"field-items\">\n<div class=\"field-item even\">\n<p>Pode ser membro da FRELIMO todo o mo\u00e7ambicano, maior de 18 anos de idade que no pleno gozo de direitos civis e pol\u00edticos, aceite os Estatutos e o Programa do Partido.<\/p>\n<p>Descarregue <a href=\"https:\/\/www.frelimo.org.mz\/wp-content\/uploads\/2015\/06\/fichacandidatura.pdf\" data-wplink-edit=\"true\"><img loading=\"lazy\" decoding=\"async\" class=\" size-full wp-image-746\" src=\"https:\/\/www.frelimo.org.mz\/\/wp-content\/uploads\/2023\/06\/pdf-icon.png\" alt=\"\" width=\"61\" height=\"61\" \/><\/a>\u00a0a ficha de candidatura a militante da FRELIMO.<\/p>\n<\/div>\n<\/div>\n<\/div>\n<\/div>\n<ul class=\"c-step\">\n<li class=\"item1 active\">\n<h3>1\u00ba Passo<\/h3>\n<p>Descarregue a ficha<\/li>\n<li class=\"item2\">\n<h3>2\u00ba Passo<\/h3>\n<p>Preencha<\/li>\n<li class=\"item3\">\n<h3>3\u00ba Passo<\/h3>\n<p>Envie<\/li>\n<\/ul>\n<h2 class=\"title\">Tem perguntas? Temos respostas!<\/h2>\n<p>As perguntas\/respostas abaixo s\u00e3o as mais frequentes, caso tenha outra d\u00favida por favor deixe um coment\u00e1rio no canto direito que responderemos prontamente<\/p>\n<div class=\"span8 first\"><strong>Quem pode ser membro da FRELIMO?<\/strong><\/div>\n<div class=\"span8 first\">Pode ser membro da FRELIMO todo o mo\u00e7ambicano, maior de 18 anos de idade que no pleno gozo de direitos civis e pol\u00edticos, aceite os Estatutos e o Programa do Partido.<\/div>\n<div><\/div>\n<div class=\"span8 first\"><strong>Como posso me inscrever na FRELIMO?<\/strong><\/div>\n<div class=\"span8 first\">Fazendo o download da ficha de inscri\u00e7\u00e3o ( ver aqui ), preencher todos os campos, anexando c\u00f3pia do documento de identifica\u00e7\u00e3o, comprovativo de morada e entregar na sua c\u00e9lula. Poder\u00e1, em alternativa, enviar diretamente para a Sede Nacional, necessitando da assinatura de um proponente (militante da FRELIMO).<\/div>\n<div><\/div>\n<div class=\"span8 first\"><strong>Posso ser militante numa localidade diferente da de onde resido?<\/strong><\/div>\n<div class=\"span8 first\">Sim. poder\u00e1 ser militante na localidade onde reside, estuda ou trabalha, ou por naturalidade (enviar comprovativo).<\/div>\n<div><\/div>\n<div class=\"span8 first\"><strong>Quanto tempo demora o processo de admiss\u00e3o na FRELIMO?<\/strong>&#8220;<\/div>\n<div class=\"span8 first\">A admiss\u00e3o de um membro \u00e9 decidida no prazo m\u00e1ximo de noventa dias, a contar da data de apresenta\u00e7\u00e3o do pedido.<\/div>\n<div><\/div>\n<div class=\"span8 first\"><strong> Mais alguma quest\u00e3o?<\/strong><\/div>\n<div class=\"span4\">\n<p>Caso persista alguma d\u00favida sinta-se livre em enviar-nos que responderemos prontamente<\/p>\n<p><a class=\"btn btn-info \" href=\"#\" target=\"_blank\" rel=\"slides[buttonlightbox] noopener\"><strong>Enviar<\/strong><\/a><\/p>\n<\/div>\n","protected":false},"excerpt":{"rendered":"<p>Pode ser membro da FRELIMO todo o mo\u00e7ambicano, maior de 18 anos de idade que no pleno gozo de direitos civis e pol\u00edticos, aceite os Estatutos e o Programa do Partido. Descarregue \u00a0a ficha de candidatura a militante da FRELIMO. 1\u00ba Passo Descarregue a ficha 2\u00ba Passo Preencha 3\u00ba Passo Envie Tem perguntas? Temos respostas! &hellip;<\/p>\n","protected":false},"author":1,"featured_media":746,"parent":0,"menu_order":14,"comment_status":"open","ping_status":"open","template":"","meta":{"footnotes":""},"class_list":["post-747","page","type-page","status-publish","has-post-thumbnail","hentry"],"jetpack_sharing_enabled":true,"_links":{"self":[{"href":"https:\/\/www.frelimo.org.mz\/index.php?rest_route=\/wp\/v2\/pages\/747","targetHints":{"allow":["GET"]}}],"collection":[{"href":"https:\/\/www.frelimo.org.mz\/index.php?rest_route=\/wp\/v2\/pages"}],"about":[{"href":"https:\/\/www.frelimo.org.mz\/index.php?rest_route=\/wp\/v2\/types\/page"}],"author":[{"embeddable":true,"href":"https:\/\/www.frelimo.org.mz\/index.php?rest_route=\/wp\/v2\/users\/1"}],"replies":[{"embeddable":true,"href":"https:\/\/www.frelimo.org.mz\/index.php?rest_route=%2Fwp%2Fv2%2Fcomments&post=747"}],"version-history":[{"count":0,"href":"https:\/\/www.frelimo.org.mz\/index.php?rest_route=\/wp\/v2\/pages\/747\/revisions"}],"wp:featuredmedia":[{"embeddable":true,"href":"https:\/\/www.frelimo.org.mz\/index.php?rest_route=\/wp\/v2\/media\/746"}],"wp:attachment":[{"href":"https:\/\/www.frelimo.org.mz\/index.php?rest_route=%2Fwp%2Fv2%2Fmedia&parent=747"}],"curies":[{"name":"wp","href":"https:\/\/api.w.org\/{rel}","templated":true}]}}