{"id":4026,"date":"2023-09-15T23:15:53","date_gmt":"2023-09-15T23:15:53","guid":{"rendered":"https:\/\/www.frelimo.org.mz\/\/?page_id=4026"},"modified":"2023-09-15T23:15:53","modified_gmt":"2023-09-15T23:15:53","slug":"biblioteca","status":"publish","type":"page","link":"https:\/\/www.frelimo.org.mz\/?page_id=4026","title":{"rendered":"Biblioteca"},"content":{"rendered":"\n<p>A Biblioteca da FRELIMO foi criada no in\u00edcio dos anos 80, aquando da realiza\u00e7\u00e3o da primeira feira do livro que teve lugar na FACIM. O seu acervo foi constitu\u00eddo ao longo do tempo, em defesa dos interesses dos mo\u00e7ambicanos e do Estado em todas as suas dimens\u00f5es. Reflecte as din\u00e2micas do desenvolvimento e da hist\u00f3ria do Pa\u00eds; busca preservar a mem\u00f3ria documental, hist\u00f3rica, pol\u00edtica e social da FRELIMO; e representa o patrim\u00f3nio cultural e hist\u00f3rico do Pa\u00eds.<\/p>\n<p>&nbsp;<\/p>\n<p class=\"has-medium-font-size\"><strong>\u00c1REAS<\/strong><\/p>\n<ul>\n<li>\u00c1rea de Leitura, com livre acesso \u00e0s estantes<\/li>\n<li>\u00c1rea de computadores e audiovisuais<\/li>\n<li>\u00c1rea de Consulta ao Cat\u00e1logo: OPAC<\/li>\n<li>\u00c1rea de Colec\u00e7\u00f5es Especiais<\/li>\n<li>\u00c1rea de Refer\u00eancia<\/li>\n<li>\u00c1rea de Atendimento<\/li>\n<\/ul>\n<p>&nbsp;<\/p>\n<p><strong>SERVI\u00c7OS<\/strong><\/p>\n<ul>\n<li><a href=\"http:\/\/197.218.242.141:8888\/\" rel=\"noreferrer noopener\" target=\"_blank\">Acesso P\u00fablico ao Cat\u00e1logo Online<\/a><\/li>\n<li><a href=\"http:\/\/197.218.242.142:8080\/\" rel=\"noreferrer noopener\" target=\"_blank\">Acesso ao Reposit\u00f3rio de colec\u00e7\u00f5es especiais<\/a><\/li>\n<\/ul>\n","protected":false},"excerpt":{"rendered":"<p>A Biblioteca da FRELIMO foi criada no in\u00edcio dos anos 80, aquando da realiza\u00e7\u00e3o da primeira feira do livro que teve lugar na FACIM. O seu acervo foi constitu\u00eddo ao longo do tempo, em defesa dos interesses dos mo\u00e7ambicanos e do Estado em todas as suas dimens\u00f5es. Reflecte as din\u00e2micas do desenvolvimento e da hist\u00f3ria &hellip;<\/p>\n","protected":false},"author":1,"featured_media":0,"parent":0,"menu_order":0,"comment_status":"closed","ping_status":"closed","template":"","meta":{"footnotes":""},"class_list":["post-4026","page","type-page","status-publish","hentry"],"jetpack_sharing_enabled":true,"_links":{"self":[{"href":"https:\/\/www.frelimo.org.mz\/index.php?rest_route=\/wp\/v2\/pages\/4026","targetHints":{"allow":["GET"]}}],"collection":[{"href":"https:\/\/www.frelimo.org.mz\/index.php?rest_route=\/wp\/v2\/pages"}],"about":[{"href":"https:\/\/www.frelimo.org.mz\/index.php?rest_route=\/wp\/v2\/types\/page"}],"author":[{"embeddable":true,"href":"https:\/\/www.frelimo.org.mz\/index.php?rest_route=\/wp\/v2\/users\/1"}],"replies":[{"embeddable":true,"href":"https:\/\/www.frelimo.org.mz\/index.php?rest_route=%2Fwp%2Fv2%2Fcomments&post=4026"}],"version-history":[{"count":1,"href":"https:\/\/www.frelimo.org.mz\/index.php?rest_route=\/wp\/v2\/pages\/4026\/revisions"}],"predecessor-version":[{"id":4028,"href":"https:\/\/www.frelimo.org.mz\/index.php?rest_route=\/wp\/v2\/pages\/4026\/revisions\/4028"}],"wp:attachment":[{"href":"https:\/\/www.frelimo.org.mz\/index.php?rest_route=%2Fwp%2Fv2%2Fmedia&parent=4026"}],"curies":[{"name":"wp","href":"https:\/\/api.w.org\/{rel}","templated":true}]}}